{"id":5974,"date":"2021-08-08T18:46:34","date_gmt":"2021-08-08T18:46:34","guid":{"rendered":"https:\/\/artecasanueva.com\/?page_id=5974"},"modified":"2021-08-16T16:28:38","modified_gmt":"2021-08-16T16:28:38","slug":"politica-de-privacidad","status":"publish","type":"page","link":"https:\/\/artecasanueva.com\/en\/politica-de-privacidad\/","title":{"rendered":"PRIVACY POLICY"},"content":{"rendered":"<div data-elementor-type=\"wp-page\" data-elementor-id=\"5974\" class=\"elementor elementor-5974\">\n\t\t\t\t\t\t<section class=\"elementor-section elementor-top-section elementor-element elementor-element-4bf505bf elementor-section-boxed elementor-section-height-default elementor-section-height-default\" data-id=\"4bf505bf\" data-element_type=\"section\">\r\n\t\t\r\n\t\t\t\t\t\t\t<div class=\"elementor-container elementor-column-gap-default\">\r\n\t\t\t\t\t\t\t\t\t\t\t<div class=\"elementor-column elementor-col-100 elementor-top-column elementor-element elementor-element-61590866\" data-id=\"61590866\" data-element_type=\"column\">\r\n\t\t\t\t\t<div class=\"elementor-widget-wrap elementor-element-populated\">\r\n\t\t\t\t\t\t\t\t<div class=\"elementor-element elementor-element-10f3dcc4 elementor-widget elementor-widget-spacer\" data-id=\"10f3dcc4\" data-element_type=\"widget\" data-widget_type=\"spacer.default\">\n\t\t\t\t<div class=\"elementor-widget-container\">\n\t\t\t\t\t\t\t<div class=\"elementor-spacer\">\n\t\t\t<div class=\"elementor-spacer-inner\"><\/div>\n\t\t<\/div>\n\t\t\t\t\t\t<\/div>\n\t\t\t\t<\/div>\n\t\t\t\t\t<\/div>\r\n\t\t\t\t<\/div>\r\n\t\t\t\t\t<\/div>\r\n\t\t\t\t<\/section>\r\n\t\t\t\t<section class=\"elementor-section elementor-top-section elementor-element elementor-element-3f233ca9 elementor-section-boxed elementor-section-height-default elementor-section-height-default\" data-id=\"3f233ca9\" data-element_type=\"section\">\r\n\t\t\r\n\t\t\t\t\t\t\t<div class=\"elementor-container elementor-column-gap-default\">\r\n\t\t\t\t\t\t\t\t\t\t\t<div class=\"elementor-column elementor-col-100 elementor-top-column elementor-element elementor-element-9105e84\" data-id=\"9105e84\" data-element_type=\"column\">\r\n\t\t\t\t\t<div class=\"elementor-widget-wrap elementor-element-populated\">\r\n\t\t\t\t\t\t\t\t<div class=\"elementor-element elementor-element-226a62b elementor-widget elementor-widget-heading\" data-id=\"226a62b\" data-element_type=\"widget\" data-widget_type=\"heading.default\">\n\t\t\t\t<div class=\"elementor-widget-container\">\n\t\t\t\t\t<h2 class=\"elementor-heading-title elementor-size-default\">Privacy Policy<\/h2>\t\t\t\t<\/div>\n\t\t\t\t<\/div>\n\t\t\t\t<div class=\"elementor-element elementor-element-6cf35802 elementor-widget elementor-widget-spacer\" data-id=\"6cf35802\" data-element_type=\"widget\" data-widget_type=\"spacer.default\">\n\t\t\t\t<div class=\"elementor-widget-container\">\n\t\t\t\t\t\t\t<div class=\"elementor-spacer\">\n\t\t\t<div class=\"elementor-spacer-inner\"><\/div>\n\t\t<\/div>\n\t\t\t\t\t\t<\/div>\n\t\t\t\t<\/div>\n\t\t\t\t<div class=\"elementor-element elementor-element-50ced8a1 elementor-widget elementor-widget-text-editor\" data-id=\"50ced8a1\" data-element_type=\"widget\" data-widget_type=\"text-editor.default\">\n\t\t\t\t<div class=\"elementor-widget-container\">\n\t\t\t\t\t\t\t\t\t<p><strong>Inmaculada Ruiz Casanueva <\/strong>informs you about its Privacy Policy regarding the treatment and protection of personal data of users and clients that may be collected by browsing or contracting services through the website artecasanueva.com<\/p><p>In this sense, the Holder guarantees compliance with current regulations on the protection of personal data, reflected in Organic Law 3\/2018, of December 5, on the Protection of Personal Data and the Guarantee of Digital Rights (LOPD GDD) . It also complies with Regulation (EU) 2016\/679 of the European Parliament and of the Council of April 27, 2016 regarding the protection of natural persons (RGPD).<\/p><p>The use of the website implies acceptance of this Privacy Policy as well as the conditions included in the Legal Notice.<\/p>\t\t\t\t\t\t\t\t<\/div>\n\t\t\t\t<\/div>\n\t\t\t\t<div class=\"elementor-element elementor-element-6c8f9ca5 elementor-widget elementor-widget-heading\" data-id=\"6c8f9ca5\" data-element_type=\"widget\" data-widget_type=\"heading.default\">\n\t\t\t\t<div class=\"elementor-widget-container\">\n\t\t\t\t\t<h2 class=\"elementor-heading-title elementor-size-default\">Identity of the person in charge<\/h2>\t\t\t\t<\/div>\n\t\t\t\t<\/div>\n\t\t\t\t<div class=\"elementor-element elementor-element-c256746 elementor-widget elementor-widget-text-editor\" data-id=\"c256746\" data-element_type=\"widget\" data-widget_type=\"text-editor.default\">\n\t\t\t\t<div class=\"elementor-widget-container\">\n\t\t\t\t\t\t\t\t\t<ul><li>Owner: Inmaculada Ruiz Casanueva<\/li><li>NIF: 28856253Q<\/li><li>Address: Sitio de Calahonda, C\/Sevilla-29649 Mijas Costa, M\u00e1laga<\/li><li>Email: inma@artecasanueva.com<\/li><li>Website: www.artecasanueva.com<\/li><\/ul>\t\t\t\t\t\t\t\t<\/div>\n\t\t\t\t<\/div>\n\t\t\t\t<div class=\"elementor-element elementor-element-6d25880b elementor-widget elementor-widget-heading\" data-id=\"6d25880b\" data-element_type=\"widget\" data-widget_type=\"heading.default\">\n\t\t\t\t<div class=\"elementor-widget-container\">\n\t\t\t\t\t<h2 class=\"elementor-heading-title elementor-size-default\">Principles applied in data processing<\/h2>\t\t\t\t<\/div>\n\t\t\t\t<\/div>\n\t\t\t\t<div class=\"elementor-element elementor-element-748ad30b elementor-widget elementor-widget-text-editor\" data-id=\"748ad30b\" data-element_type=\"widget\" data-widget_type=\"text-editor.default\">\n\t\t\t\t<div class=\"elementor-widget-container\">\n\t\t\t\t\t\t\t\t\t<p>In the processing of your personal data, the Holder will apply the following principles that comply with the requirements of the new European data protection regulation:<\/p><ul><li><strong>Principle of legality, loyalty and transparency:<\/strong> The Holder will always require consent for the processing of their personal data, which may be for one or more specific purposes about which they will inform them in advance with absolute transparency.<\/li><li><strong>Data minimization principle:<\/strong> The Owner will request only the data strictly necessary for the purpose or purposes for which it is requested.<\/li><li><strong>Principle of limitation of the conservation period:<\/strong> The data will be kept for the time strictly necessary for the purpose or purposes of the treatment.<br \/>The Holder will inform you of the corresponding conservation period according to the purpose. In the case of subscriptions, the Holder will periodically review the lists and eliminate those inactive records for a considerable time.<\/li><li><strong>Principle of integrity and confidentiality:<\/strong> Your data will be treated in such a way that its security, confidentiality and integrity are guaranteed. You should know that the Owner takes the necessary precautions to prevent unauthorized access or improper use of its users' data by third parties.<\/li><\/ul>\t\t\t\t\t\t\t\t<\/div>\n\t\t\t\t<\/div>\n\t\t\t\t<div class=\"elementor-element elementor-element-260c2587 elementor-widget elementor-widget-heading\" data-id=\"260c2587\" data-element_type=\"widget\" data-widget_type=\"heading.default\">\n\t\t\t\t<div class=\"elementor-widget-container\">\n\t\t\t\t\t<h2 class=\"elementor-heading-title elementor-size-default\">Obtaining personal data<\/h2>\t\t\t\t<\/div>\n\t\t\t\t<\/div>\n\t\t\t\t<div class=\"elementor-element elementor-element-76f5a81e elementor-widget elementor-widget-text-editor\" data-id=\"76f5a81e\" data-element_type=\"widget\" data-widget_type=\"text-editor.default\">\n\t\t\t\t<div class=\"elementor-widget-container\">\n\t\t\t\t\t\t\t\t\t<p>To navigate through artecasanueva.com you do not need to provide any personal information. The cases in which you do provide your personal data are the following:<\/p><ul><li>By contacting through the contact forms or sending an email.<\/li><li>When making a comment on an article or page.<\/li><\/ul>\t\t\t\t\t\t\t\t<\/div>\n\t\t\t\t<\/div>\n\t\t\t\t<div class=\"elementor-element elementor-element-1f7d7f75 elementor-widget elementor-widget-heading\" data-id=\"1f7d7f75\" data-element_type=\"widget\" data-widget_type=\"heading.default\">\n\t\t\t\t<div class=\"elementor-widget-container\">\n\t\t\t\t\t<h2 class=\"elementor-heading-title elementor-size-default\">Your rights<\/h2>\t\t\t\t<\/div>\n\t\t\t\t<\/div>\n\t\t\t\t<div class=\"elementor-element elementor-element-5aa929cf elementor-widget elementor-widget-text-editor\" data-id=\"5aa929cf\" data-element_type=\"widget\" data-widget_type=\"text-editor.default\">\n\t\t\t\t<div class=\"elementor-widget-container\">\n\t\t\t\t\t\t\t\t\t<p>The Owner informs you that regarding your personal data you have the right to:<\/p><ul><li>Request access to stored data.<\/li><li>Request a rectification or cancellation.<\/li><li>Request the limitation of your treatment.<\/li><li>Oppose the treatment.<\/li><li>Request the portability of your data.<\/li><\/ul><p>The exercise of these rights is personal and therefore must be exercised directly by the interested party, requesting it directly from the Owner, which means that any client, subscriber or collaborator who has provided their data at any time can contact the Owner and request information about the data that you have stored and how you have obtained them, request their rectification, request the portability of your personal data, oppose the treatment, limit its use or request the cancellation of these data in the Holder's files.<\/p><p>To exercise your rights of access, rectification, cancellation, portability and opposition, you have to send an email to inma@artecasanueva.com along with valid proof in law such as a photocopy of the D.N.I. or the equivalent.<\/p><p>You have the right to effective judicial protection and to file a claim with the control authority, in this case, the Spanish Agency for Data Protection, if you consider that the processing of personal data that concerns you violates the Regulation.<\/p>\t\t\t\t\t\t\t\t<\/div>\n\t\t\t\t<\/div>\n\t\t\t\t<div class=\"elementor-element elementor-element-5316c02 elementor-widget elementor-widget-heading\" data-id=\"5316c02\" data-element_type=\"widget\" data-widget_type=\"heading.default\">\n\t\t\t\t<div class=\"elementor-widget-container\">\n\t\t\t\t\t<h2 class=\"elementor-heading-title elementor-size-default\">Purpose of the processing of personal data<\/h2>\t\t\t\t<\/div>\n\t\t\t\t<\/div>\n\t\t\t\t<div class=\"elementor-element elementor-element-1589597 elementor-widget elementor-widget-text-editor\" data-id=\"1589597\" data-element_type=\"widget\" data-widget_type=\"text-editor.default\">\n\t\t\t\t<div class=\"elementor-widget-container\">\n\t\t\t\t\t\t\t\t\t<p>When you connect to the website to send an email to the Owner, subscribe to its newsletter or make a contract, you are providing personal information for which the Owner is responsible. This information may include personal data such as your IP address, name and surname, physical address, email address, telephone number, and other information. By providing this information, you give your consent for your information to be collected, used, managed and stored by ArteCasanueva, only as described in the Legal Notice and in this Privacy Policy.<\/p><p>The personal data and the purpose of the treatment by the Holder is different according to the information capture system:<\/p><ul><li><strong>Contact forms:<\/strong> The Holder requests personal data, among which may be: Name and surname, email address, telephone number and address of your website in order to answer your questions.<br \/>For example, the Owner uses this data to respond to your messages, doubts, complaints, comments or concerns that you may have regarding the information included on the website, the services provided through the website, the treatment of your personal data, questions regarding the legal texts included in the website, as well as any other query you may have that is not subject to the conditions of the website or the contract.<\/li><li><strong>Content subscription forms:<\/strong> The Owner requests the following personal information: Name and surname, email address, telephone number and website address to manage the list of subscriptions, send newsletters, promotions and special offers.<br \/>The data you provide to the Owner will be located on the servers of The Rocket Science Group LLC d \/ b \/ a, with address in the USA. (Mailchimp).<\/li><\/ul><p>There are other purposes for which the Holder processes your personal data:<\/p><ul><li>To guarantee compliance with the conditions contained in the Legal Notice and in the applicable law. This may include the development of tools and algorithms that help this website to ensure the confidentiality of the personal data it collects.<\/li><li>To support and improve the services offered by this website.<\/li><li>To analyze navigation. The Owner collects other non-identifying data obtained through the use of cookies that are downloaded to your computer when you browse the website, the characteristics and purpose of which are detailed in the Cookies Policy.<\/li><li>To manage social networks. The Owner has a presence on social networks. If you become a follower on the Holder's social networks, the processing of personal data will be governed by this section, as well as by those conditions of use, privacy policies and access regulations that belong to the social network that is appropriate in each case and that previously accepted.<\/li><\/ul><p>You can consult the privacy policies of the main social networks in these links:<\/p><ul><li>Facebook<\/li><li>Instagram<\/li><\/ul><p>The Owner will process your personal data in order to correctly manage your presence on the social network, find out about your activities, products or services, as well as for any other purpose that the regulations of social networks allow.<\/p><p>In no case will the Owner use the profiles of followers on social networks to send advertising individually.<\/p>\t\t\t\t\t\t\t\t<\/div>\n\t\t\t\t<\/div>\n\t\t\t\t<div class=\"elementor-element elementor-element-1484a4c elementor-widget elementor-widget-heading\" data-id=\"1484a4c\" data-element_type=\"widget\" data-widget_type=\"heading.default\">\n\t\t\t\t<div class=\"elementor-widget-container\">\n\t\t\t\t\t<h2 class=\"elementor-heading-title elementor-size-default\">Personal data security<\/h2>\t\t\t\t<\/div>\n\t\t\t\t<\/div>\n\t\t\t\t<div class=\"elementor-element elementor-element-9f0624e elementor-widget elementor-widget-text-editor\" data-id=\"9f0624e\" data-element_type=\"widget\" data-widget_type=\"text-editor.default\">\n\t\t\t\t<div class=\"elementor-widget-container\">\n\t\t\t\t\t\t\t\t\t<p>To protect your personal data, the Holder takes all reasonable precautions and follows the best practices in the industry to prevent their loss, misuse, improper access, disclosure, alteration or destruction of the same.<\/p><p>The website is hosted by a WEB ACCOMMODATION PROVIDER. The security of your data is guaranteed, since they take all the necessary security measures for it. You can check their privacy policy for more information.<\/p>\t\t\t\t\t\t\t\t<\/div>\n\t\t\t\t<\/div>\n\t\t\t\t<div class=\"elementor-element elementor-element-b363285 elementor-widget elementor-widget-heading\" data-id=\"b363285\" data-element_type=\"widget\" data-widget_type=\"heading.default\">\n\t\t\t\t<div class=\"elementor-widget-container\">\n\t\t\t\t\t<h2 class=\"elementor-heading-title elementor-size-default\">Cookies policy<\/h2>\t\t\t\t<\/div>\n\t\t\t\t<\/div>\n\t\t\t\t<div class=\"elementor-element elementor-element-7e57061 elementor-widget elementor-widget-text-editor\" data-id=\"7e57061\" data-element_type=\"widget\" data-widget_type=\"text-editor.default\">\n\t\t\t\t<div class=\"elementor-widget-container\">\n\t\t\t\t\t\t\t\t\t<p>For this website to function properly you need to use cookies, which is information that is stored in your web browser.<\/p><p>On the Cookies Policy page you can consult all the information regarding the collection policy, the purpose and the treatment of cookies.<\/p>\t\t\t\t\t\t\t\t<\/div>\n\t\t\t\t<\/div>\n\t\t\t\t<div class=\"elementor-element elementor-element-0586a12 elementor-widget elementor-widget-heading\" data-id=\"0586a12\" data-element_type=\"widget\" data-widget_type=\"heading.default\">\n\t\t\t\t<div class=\"elementor-widget-container\">\n\t\t\t\t\t<h2 class=\"elementor-heading-title elementor-size-default\">Legitimation for data processing<\/h2>\t\t\t\t<\/div>\n\t\t\t\t<\/div>\n\t\t\t\t<div class=\"elementor-element elementor-element-c002ec7 elementor-widget elementor-widget-text-editor\" data-id=\"c002ec7\" data-element_type=\"widget\" data-widget_type=\"text-editor.default\">\n\t\t\t\t<div class=\"elementor-widget-container\">\n\t\t\t\t\t\t\t\t\t<p>The legal basis for the processing of your data is: consent.<\/p><p>To contact the Owner, subscribe to a newsletter or make comments on this website, you have to accept this Privacy Policy.<\/p>\t\t\t\t\t\t\t\t<\/div>\n\t\t\t\t<\/div>\n\t\t\t\t<div class=\"elementor-element elementor-element-3ac8a24 elementor-widget elementor-widget-heading\" data-id=\"3ac8a24\" data-element_type=\"widget\" data-widget_type=\"heading.default\">\n\t\t\t\t<div class=\"elementor-widget-container\">\n\t\t\t\t\t<h2 class=\"elementor-heading-title elementor-size-default\">Preservation of personal data<\/h2>\t\t\t\t<\/div>\n\t\t\t\t<\/div>\n\t\t\t\t<div class=\"elementor-element elementor-element-afffbea elementor-widget elementor-widget-text-editor\" data-id=\"afffbea\" data-element_type=\"widget\" data-widget_type=\"text-editor.default\">\n\t\t\t\t<div class=\"elementor-widget-container\">\n\t\t\t\t\t\t\t\t\t<p>The personal data that you provide to the Holder will be kept until you request its deletion.<\/p>\t\t\t\t\t\t\t\t<\/div>\n\t\t\t\t<\/div>\n\t\t\t\t<div class=\"elementor-element elementor-element-5d1f133 elementor-widget elementor-widget-heading\" data-id=\"5d1f133\" data-element_type=\"widget\" data-widget_type=\"heading.default\">\n\t\t\t\t<div class=\"elementor-widget-container\">\n\t\t\t\t\t<h2 class=\"elementor-heading-title elementor-size-default\">Web navegation<\/h2>\t\t\t\t<\/div>\n\t\t\t\t<\/div>\n\t\t\t\t<div class=\"elementor-element elementor-element-71e5b5e elementor-widget elementor-widget-text-editor\" data-id=\"71e5b5e\" data-element_type=\"widget\" data-widget_type=\"text-editor.default\">\n\t\t\t\t<div class=\"elementor-widget-container\">\n\t\t\t\t\t\t\t\t\t<p>When browsing artecasanueva.com, non-identifying data can be collected, which may include the IP address, geolocation, a record of how the services and sites are used, browsing habits and other data that cannot be used to identify you.<\/p><p>The website uses the following third-party analysis services:<\/p><ul><li>Google Analytics<\/li><li>DoubleClick Google<\/li><\/ul><p>The Owner uses the information obtained to obtain statistical data, analyze trends, administer the site, study browsing patterns and to collect demographic information.<\/p>\t\t\t\t\t\t\t\t<\/div>\n\t\t\t\t<\/div>\n\t\t\t\t<div class=\"elementor-element elementor-element-7c633ec elementor-widget elementor-widget-heading\" data-id=\"7c633ec\" data-element_type=\"widget\" data-widget_type=\"heading.default\">\n\t\t\t\t<div class=\"elementor-widget-container\">\n\t\t\t\t\t<h2 class=\"elementor-heading-title elementor-size-default\">Accuracy and veracity of personal data<\/h2>\t\t\t\t<\/div>\n\t\t\t\t<\/div>\n\t\t\t\t<div class=\"elementor-element elementor-element-ac2a2b6 elementor-widget elementor-widget-text-editor\" data-id=\"ac2a2b6\" data-element_type=\"widget\" data-widget_type=\"text-editor.default\">\n\t\t\t\t<div class=\"elementor-widget-container\">\n\t\t\t\t\t\t\t\t\t<p>It undertakes that the data provided to the Holder are correct, complete, exact and current, as well as to keep them duly updated.<\/p><p>As a user of the website, you are solely responsible for the veracity and correctness of the data you send to the site, exonerating the Owner of any responsibility in this regard.<\/p>\t\t\t\t\t\t\t\t<\/div>\n\t\t\t\t<\/div>\n\t\t\t\t<div class=\"elementor-element elementor-element-9610f7e elementor-widget elementor-widget-heading\" data-id=\"9610f7e\" data-element_type=\"widget\" data-widget_type=\"heading.default\">\n\t\t\t\t<div class=\"elementor-widget-container\">\n\t\t\t\t\t<h2 class=\"elementor-heading-title elementor-size-default\">Acceptance and consent<\/h2>\t\t\t\t<\/div>\n\t\t\t\t<\/div>\n\t\t\t\t<div class=\"elementor-element elementor-element-7cd17a3 elementor-widget elementor-widget-text-editor\" data-id=\"7cd17a3\" data-element_type=\"widget\" data-widget_type=\"text-editor.default\">\n\t\t\t\t<div class=\"elementor-widget-container\">\n\t\t\t\t\t\t\t\t\t<p>As a User of the Website, you declare that you have been informed of the conditions on the protection of personal data, accept and consent to their treatment by the Owner in the manner and for the purposes indicated in this Privacy Policy.<\/p>\t\t\t\t\t\t\t\t<\/div>\n\t\t\t\t<\/div>\n\t\t\t\t<div class=\"elementor-element elementor-element-bd056d0 elementor-widget elementor-widget-heading\" data-id=\"bd056d0\" data-element_type=\"widget\" data-widget_type=\"heading.default\">\n\t\t\t\t<div class=\"elementor-widget-container\">\n\t\t\t\t\t<h2 class=\"elementor-heading-title elementor-size-default\">Revocability<\/h2>\t\t\t\t<\/div>\n\t\t\t\t<\/div>\n\t\t\t\t<div class=\"elementor-element elementor-element-e92ea47 elementor-widget elementor-widget-text-editor\" data-id=\"e92ea47\" data-element_type=\"widget\" data-widget_type=\"text-editor.default\">\n\t\t\t\t<div class=\"elementor-widget-container\">\n\t\t\t\t\t\t\t\t\t<p>To exercise your rights of access, rectification, cancellation, portability and opposition, you have to send an email to <a href=\"mailto:inma@artecasanueva.com\">inma@artecasanueva.com<\/a> \u00a0along with valid proof in law such as a photocopy of the D.N.I. or the equivalent.<\/p><p>The exercise of their rights does not include any data that the Holder is obliged to keep for administrative, legal or security purposes.<\/p>\t\t\t\t\t\t\t\t<\/div>\n\t\t\t\t<\/div>\n\t\t\t\t<div class=\"elementor-element elementor-element-c7024ac elementor-widget elementor-widget-heading\" data-id=\"c7024ac\" data-element_type=\"widget\" data-widget_type=\"heading.default\">\n\t\t\t\t<div class=\"elementor-widget-container\">\n\t\t\t\t\t<h2 class=\"elementor-heading-title elementor-size-default\">Changes to the Privacy Policy<\/h2>\t\t\t\t<\/div>\n\t\t\t\t<\/div>\n\t\t\t\t<div class=\"elementor-element elementor-element-15c518b elementor-widget elementor-widget-text-editor\" data-id=\"15c518b\" data-element_type=\"widget\" data-widget_type=\"text-editor.default\">\n\t\t\t\t<div class=\"elementor-widget-container\">\n\t\t\t\t\t\t\t\t\t<p>The Owner reserves the right to modify this Privacy Policy to adapt it to new legislation or jurisprudence, as well as to industry practices.<\/p><p>These policies will be in effect until they are modified by others duly published.<\/p>\t\t\t\t\t\t\t\t<\/div>\n\t\t\t\t<\/div>\n\t\t\t\t<div class=\"elementor-element elementor-element-694dfb45 elementor-widget elementor-widget-spacer\" data-id=\"694dfb45\" data-element_type=\"widget\" data-widget_type=\"spacer.default\">\n\t\t\t\t<div class=\"elementor-widget-container\">\n\t\t\t\t\t\t\t<div class=\"elementor-spacer\">\n\t\t\t<div class=\"elementor-spacer-inner\"><\/div>\n\t\t<\/div>\n\t\t\t\t\t\t<\/div>\n\t\t\t\t<\/div>\n\t\t\t\t\t<\/div>\r\n\t\t\t\t<\/div>\r\n\t\t\t\t\t<\/div>\r\n\t\t\t\t<\/section>\r\n\t\t\t\t<\/div>","protected":false},"excerpt":{"rendered":"<p>Pol\u00edtica de Privacidad Inmaculada Ruiz Casanueva le informa sobre su Pol\u00edtica de Privacidad respecto del tratamiento y protecci\u00f3n de los datos de car\u00e1cter personal de los usuarios y clientes que puedan ser recabados por la navegaci\u00f3n o contrataci\u00f3n de servicios a trav\u00e9s del sitio Web artecasanueva.com En este sentido, el Titular garantiza el cumplimiento de [&hellip;]<\/p>","protected":false},"author":1,"featured_media":0,"parent":0,"menu_order":0,"comment_status":"closed","ping_status":"closed","template":"","meta":{"_vp_format_video_url":"","_vp_image_focal_point":[],"footnotes":""},"class_list":["post-5974","page","type-page","status-publish","hentry"],"_links":{"self":[{"href":"https:\/\/artecasanueva.com\/en\/wp-json\/wp\/v2\/pages\/5974","targetHints":{"allow":["GET"]}}],"collection":[{"href":"https:\/\/artecasanueva.com\/en\/wp-json\/wp\/v2\/pages"}],"about":[{"href":"https:\/\/artecasanueva.com\/en\/wp-json\/wp\/v2\/types\/page"}],"author":[{"embeddable":true,"href":"https:\/\/artecasanueva.com\/en\/wp-json\/wp\/v2\/users\/1"}],"replies":[{"embeddable":true,"href":"https:\/\/artecasanueva.com\/en\/wp-json\/wp\/v2\/comments?post=5974"}],"version-history":[{"count":0,"href":"https:\/\/artecasanueva.com\/en\/wp-json\/wp\/v2\/pages\/5974\/revisions"}],"wp:attachment":[{"href":"https:\/\/artecasanueva.com\/en\/wp-json\/wp\/v2\/media?parent=5974"}],"curies":[{"name":"wp","href":"https:\/\/api.w.org\/{rel}","templated":true}]}}