{"id":5017,"date":"2021-07-04T17:15:32","date_gmt":"2021-07-04T17:15:32","guid":{"rendered":"https:\/\/artecasanueva.com\/?page_id=5017"},"modified":"2021-08-09T15:56:43","modified_gmt":"2021-08-09T15:56:43","slug":"politica-de-cookies","status":"publish","type":"page","link":"https:\/\/artecasanueva.com\/en\/politica-de-cookies\/","title":{"rendered":"COOKIES POLICY"},"content":{"rendered":"<div data-elementor-type=\"wp-page\" data-elementor-id=\"5017\" class=\"elementor elementor-5017\">\n\t\t\t\t\t\t<section class=\"elementor-section elementor-top-section elementor-element elementor-element-74ab2ef9 elementor-section-boxed elementor-section-height-default elementor-section-height-default\" data-id=\"74ab2ef9\" data-element_type=\"section\">\r\n\t\t\r\n\t\t\t\t\t\t\t<div class=\"elementor-container elementor-column-gap-default\">\r\n\t\t\t\t\t\t\t\t\t\t\t<div class=\"elementor-column elementor-col-100 elementor-top-column elementor-element elementor-element-3f832060\" data-id=\"3f832060\" data-element_type=\"column\">\r\n\t\t\t\t\t<div class=\"elementor-widget-wrap elementor-element-populated\">\r\n\t\t\t\t\t\t\t\t<div class=\"elementor-element elementor-element-415d14a2 elementor-widget elementor-widget-spacer\" data-id=\"415d14a2\" data-element_type=\"widget\" data-widget_type=\"spacer.default\">\n\t\t\t\t<div class=\"elementor-widget-container\">\n\t\t\t\t\t\t\t<div class=\"elementor-spacer\">\n\t\t\t<div class=\"elementor-spacer-inner\"><\/div>\n\t\t<\/div>\n\t\t\t\t\t\t<\/div>\n\t\t\t\t<\/div>\n\t\t\t\t\t<\/div>\r\n\t\t\t\t<\/div>\r\n\t\t\t\t\t<\/div>\r\n\t\t\t\t<\/section>\r\n\t\t\t\t<section class=\"elementor-section elementor-top-section elementor-element elementor-element-2bf8e1c0 elementor-section-boxed elementor-section-height-default elementor-section-height-default\" data-id=\"2bf8e1c0\" data-element_type=\"section\">\r\n\t\t\r\n\t\t\t\t\t\t\t<div class=\"elementor-container elementor-column-gap-default\">\r\n\t\t\t\t\t\t\t\t\t\t\t<div class=\"elementor-column elementor-col-100 elementor-top-column elementor-element elementor-element-3944cca2\" data-id=\"3944cca2\" data-element_type=\"column\">\r\n\t\t\t\t\t<div class=\"elementor-widget-wrap elementor-element-populated\">\r\n\t\t\t\t\t\t\t\t<div class=\"elementor-element elementor-element-9011167 elementor-widget elementor-widget-heading\" data-id=\"9011167\" data-element_type=\"widget\" data-widget_type=\"heading.default\">\n\t\t\t\t<div class=\"elementor-widget-container\">\n\t\t\t\t\t<h2 class=\"elementor-heading-title elementor-size-default\">COOKIES POLICY ARTECASANUEVA<\/h2>\t\t\t\t<\/div>\n\t\t\t\t<\/div>\n\t\t\t\t<div class=\"elementor-element elementor-element-98e6bc7 elementor-widget elementor-widget-text-editor\" data-id=\"98e6bc7\" data-element_type=\"widget\" data-widget_type=\"text-editor.default\">\n\t\t\t\t<div class=\"elementor-widget-container\">\n\t\t\t\t\t\t\t\t\t<p><em>This cookie policy was last updated on 06\/23\/2021 and applies to citizens and legal permanent residents of the European Economic Area.<\/em><\/p>\t\t\t\t\t\t\t\t<\/div>\n\t\t\t\t<\/div>\n\t\t\t\t<div class=\"elementor-element elementor-element-4e746ad elementor-widget elementor-widget-heading\" data-id=\"4e746ad\" data-element_type=\"widget\" data-widget_type=\"heading.default\">\n\t\t\t\t<div class=\"elementor-widget-container\">\n\t\t\t\t\t<h2 class=\"elementor-heading-title elementor-size-default\">1. INTRODCUTION<\/h2>\t\t\t\t<\/div>\n\t\t\t\t<\/div>\n\t\t\t\t<div class=\"elementor-element elementor-element-4e34afc elementor-widget elementor-widget-text-editor\" data-id=\"4e34afc\" data-element_type=\"widget\" data-widget_type=\"text-editor.default\">\n\t\t\t\t<div class=\"elementor-widget-container\">\n\t\t\t\t\t\t\t\t\t<p>The web, <a href=\"https:\/\/artecasanueva.com\/en\/\">https:\/\/www.artecasanueva.com<\/a> (hereinafter: \"the website\") uses cookies and other related technologies (for convenience, all technologies are called \"cookies\"). Cookies are also placed by contracted third parties. In the following document we inform you about the use of cookies on this website.<\/p>\t\t\t\t\t\t\t\t<\/div>\n\t\t\t\t<\/div>\n\t\t\t\t<div class=\"elementor-element elementor-element-dcbf910 elementor-widget elementor-widget-heading\" data-id=\"dcbf910\" data-element_type=\"widget\" data-widget_type=\"heading.default\">\n\t\t\t\t<div class=\"elementor-widget-container\">\n\t\t\t\t\t<h2 class=\"elementor-heading-title elementor-size-default\">2. WHAT ARE COOKIES?<\/h2>\t\t\t\t<\/div>\n\t\t\t\t<\/div>\n\t\t\t\t<div class=\"elementor-element elementor-element-17243bf elementor-widget elementor-widget-text-editor\" data-id=\"17243bf\" data-element_type=\"widget\" data-widget_type=\"text-editor.default\">\n\t\t\t\t<div class=\"elementor-widget-container\">\n\t\t\t\t\t\t\t\t\t<p>A cookie is a small simple file that is sent together with the pages of this website and that your browser stores on the hard drive of your computer or other device. The stored information may be returned to our servers or to the relevant third party servers during a subsequent visit.<\/p>\t\t\t\t\t\t\t\t<\/div>\n\t\t\t\t<\/div>\n\t\t\t\t<div class=\"elementor-element elementor-element-22073d3 elementor-widget elementor-widget-heading\" data-id=\"22073d3\" data-element_type=\"widget\" data-widget_type=\"heading.default\">\n\t\t\t\t<div class=\"elementor-widget-container\">\n\t\t\t\t\t<h2 class=\"elementor-heading-title elementor-size-default\">3. WHAT ARE SCRIPTS?<\/h2>\t\t\t\t<\/div>\n\t\t\t\t<\/div>\n\t\t\t\t<div class=\"elementor-element elementor-element-e3b55fc elementor-widget elementor-widget-text-editor\" data-id=\"e3b55fc\" data-element_type=\"widget\" data-widget_type=\"text-editor.default\">\n\t\t\t\t<div class=\"elementor-widget-container\">\n\t\t\t\t\t\t\t\t\t<p>A script is a piece of program code that is used to make the web work properly and interactively. This code runs on our server or on your device.<\/p>\t\t\t\t\t\t\t\t<\/div>\n\t\t\t\t<\/div>\n\t\t\t\t<div class=\"elementor-element elementor-element-ecb97c2 elementor-widget elementor-widget-heading\" data-id=\"ecb97c2\" data-element_type=\"widget\" data-widget_type=\"heading.default\">\n\t\t\t\t<div class=\"elementor-widget-container\">\n\t\t\t\t\t<h2 class=\"elementor-heading-title elementor-size-default\">5.- COOKIES<\/h2>\t\t\t\t<\/div>\n\t\t\t\t<\/div>\n\t\t\t\t<div class=\"elementor-element elementor-element-d9c3935 elementor-widget elementor-widget-text-editor\" data-id=\"d9c3935\" data-element_type=\"widget\" data-widget_type=\"text-editor.default\">\n\t\t\t\t<div class=\"elementor-widget-container\">\n\t\t\t\t\t\t\t\t\t<p>5.1 Technical or functional cookies<\/p><p>Some cookies ensure that certain parts of the website function properly and that your user preferences continue to be remembered. By placing functional cookies, we make it easier for you to visit this website. This way, you do not need to repeatedly enter the same information when visiting the web and, for example, the items remain in your shopping cart until you have paid. These cookies can be placed without your consent.<\/p><p>5.2 Statistics cookies<\/p><p>Since statistics tracking is anonymous, permission is not requested to set statistics cookies.<\/p><p>5.3 Marketing \/ tracking cookies<\/p><p>Marketing \/ tracking cookies are cookies, or any other form of local storage, used to create user profiles to display advertising or to track the user on this website or on various websites for similar marketing purposes.<\/p><p>5.4 Social media buttons<\/p><p>On the web we have included buttons for WhatsApp to promote pages (eg \"like\", \"pin\") or share them (eg \"tweet\") on social networks such as WhatsApp. These buttons work using WhatsApp code themselves. This code embeds cookies. These social media buttons can store and process certain information, in this way a personalized ad can be displayed.<\/p><p>Please read the privacy policy of these social networks (which may change frequently) to know what they do with your (personal) data that they process using these cookies. The data they receive is anonymized as much as possible. WhatsApp is located in the United States.<\/p>\t\t\t\t\t\t\t\t<\/div>\n\t\t\t\t<\/div>\n\t\t\t\t<div class=\"elementor-element elementor-element-13d856f elementor-widget elementor-widget-heading\" data-id=\"13d856f\" data-element_type=\"widget\" data-widget_type=\"heading.default\">\n\t\t\t\t<div class=\"elementor-widget-container\">\n\t\t\t\t\t<h2 class=\"elementor-heading-title elementor-size-default\">6.- CONSENT<\/h2>\t\t\t\t<\/div>\n\t\t\t\t<\/div>\n\t\t\t\t<div class=\"elementor-element elementor-element-a029a5d elementor-widget elementor-widget-text-editor\" data-id=\"a029a5d\" data-element_type=\"widget\" data-widget_type=\"text-editor.default\">\n\t\t\t\t<div class=\"elementor-widget-container\">\n\t\t\t\t\t\t\t\t\t<p>When you visit the artecasanueva website for the first time, you will be shown a pop-up window with an explanation about cookies. As soon as you click \"Save Preferences\", you agree that we use the categories of cookies and plugins that you have selected in the pop-up window, as described in this cookie policy. You can disable the use of cookies through your browser, but please bear in mind that our website may stop working properly.<\/p>\t\t\t\t\t\t\t\t<\/div>\n\t\t\t\t<\/div>\n\t\t\t\t<div class=\"elementor-element elementor-element-c9fa51b elementor-widget elementor-widget-heading\" data-id=\"c9fa51b\" data-element_type=\"widget\" data-widget_type=\"heading.default\">\n\t\t\t\t<div class=\"elementor-widget-container\">\n\t\t\t\t\t<h2 class=\"elementor-heading-title elementor-size-default\">7.- YOUR RIGHTS REGARDING PERSONAL DATA<\/h2>\t\t\t\t<\/div>\n\t\t\t\t<\/div>\n\t\t\t\t<div class=\"elementor-element elementor-element-56dd5a0 elementor-widget elementor-widget-text-editor\" data-id=\"56dd5a0\" data-element_type=\"widget\" data-widget_type=\"text-editor.default\">\n\t\t\t\t<div class=\"elementor-widget-container\">\n\t\t\t\t\t\t\t\t\t<p>You have the following rights with respect to your personal data:<\/p><ul><li>You have the right to know why your personal data is needed, what will happen to it and how long it will be kept.<\/li><li>Right of access: you have the right to access your personal data that we know about.<\/li><li>Right of rectification: you have the right to complete, rectify, erase or block your personal data whenever you want.<\/li><li>If you give us your consent to process your data, you have the right to revoke that consent and to have your personal data deleted.<\/li><li>Right to transfer your data: you have the right to request all your personal data from the person responsible for the treatment and to transfer them in full to another person responsible for the treatment.<\/li><li>Right of opposition: you can oppose the processing of your data. We comply with this, unless there are good reasons for the processing.<\/li><\/ul><p>To exercise these rights, please contact the owner of the website. Please see the contact details at the bottom of this cookie policy. If you have a complaint about how we handle your data, we would like you to make it known, but you also have the right to submit a complaint to the supervisory authority (the data protection authority).<\/p>\t\t\t\t\t\t\t\t<\/div>\n\t\t\t\t<\/div>\n\t\t\t\t<div class=\"elementor-element elementor-element-bfe0ace elementor-widget elementor-widget-heading\" data-id=\"bfe0ace\" data-element_type=\"widget\" data-widget_type=\"heading.default\">\n\t\t\t\t<div class=\"elementor-widget-container\">\n\t\t\t\t\t<h2 class=\"elementor-heading-title elementor-size-default\">8.- ACTIVATION, DEACTIVATION AND ELIMINATION OF COOKIES<\/h2>\t\t\t\t<\/div>\n\t\t\t\t<\/div>\n\t\t\t\t<div class=\"elementor-element elementor-element-0c56bf0 elementor-widget elementor-widget-text-editor\" data-id=\"0c56bf0\" data-element_type=\"widget\" data-widget_type=\"text-editor.default\">\n\t\t\t\t<div class=\"elementor-widget-container\">\n\t\t\t\t\t\t\t\t\t<p>You can use your Internet browser to delete cookies automatically or manually. You can also specify that certain cookies cannot be placed. Another option is to change the settings of your Internet browser so that you receive a message each time a cookie is placed. For more information on these options, see the instructions in the \"Help\" section of your browser.<\/p><p>Please note that this website may not function properly if all cookies are disabled. If you delete the cookies from your browser, they will be placed again after your consent when you visit this website again.<\/p>\t\t\t\t\t\t\t\t<\/div>\n\t\t\t\t<\/div>\n\t\t\t\t<div class=\"elementor-element elementor-element-38a8268 elementor-widget elementor-widget-heading\" data-id=\"38a8268\" data-element_type=\"widget\" data-widget_type=\"heading.default\">\n\t\t\t\t<div class=\"elementor-widget-container\">\n\t\t\t\t\t<h2 class=\"elementor-heading-title elementor-size-default\">9.- CONTACT DETAILS<\/h2>\t\t\t\t<\/div>\n\t\t\t\t<\/div>\n\t\t\t\t<div class=\"elementor-element elementor-element-7fe7f13 elementor-widget elementor-widget-text-editor\" data-id=\"7fe7f13\" data-element_type=\"widget\" data-widget_type=\"text-editor.default\">\n\t\t\t\t<div class=\"elementor-widget-container\">\n\t\t\t\t\t\t\t\t\t<p>For questions and \/ or comments about our cookie policy and this statement, please contact us using the following contact details<br \/>Website: <a href=\"https:\/\/artecasanueva.com\/en\/\">https:\/\/www.artecasanueva.com<\/a> <br \/>Email: <a href=\"mailto:inma@artecasanueva.com\">inma@artecasanueva.com<\/a> <br \/><br \/><\/p>\t\t\t\t\t\t\t\t<\/div>\n\t\t\t\t<\/div>\n\t\t\t\t<div class=\"elementor-element elementor-element-b30f380 elementor-widget elementor-widget-spacer\" data-id=\"b30f380\" data-element_type=\"widget\" data-widget_type=\"spacer.default\">\n\t\t\t\t<div class=\"elementor-widget-container\">\n\t\t\t\t\t\t\t<div class=\"elementor-spacer\">\n\t\t\t<div class=\"elementor-spacer-inner\"><\/div>\n\t\t<\/div>\n\t\t\t\t\t\t<\/div>\n\t\t\t\t<\/div>\n\t\t\t\t\t<\/div>\r\n\t\t\t\t<\/div>\r\n\t\t\t\t\t<\/div>\r\n\t\t\t\t<\/section>\r\n\t\t\t\t<\/div>","protected":false},"excerpt":{"rendered":"<p>POL\u00cdTICA DE COOKIES ARTECASANUEVA Esta pol\u00edtica de cookies se actualiz\u00f3 por \u00faltima vez el 23\/06\/2021 y se aplica a los ciudadanos y residentes legales permanentes del \u00e1rea econ\u00f3mica europea. 1.- INTRODUCCI\u00d3N La web, https:\/\/www.artecasanueva.com (en adelante: \u00abla web\u00bb) utiliza cookies y otras tecnolog\u00edas relacionadas (para mayor comodidad, todas las tecnolog\u00edas se denominan \u00abcookies\u00bb). Las cookies [&hellip;]<\/p>","protected":false},"author":1,"featured_media":0,"parent":0,"menu_order":0,"comment_status":"closed","ping_status":"closed","template":"","meta":{"_vp_format_video_url":"","_vp_image_focal_point":[],"footnotes":""},"class_list":["post-5017","page","type-page","status-publish","hentry"],"_links":{"self":[{"href":"https:\/\/artecasanueva.com\/en\/wp-json\/wp\/v2\/pages\/5017","targetHints":{"allow":["GET"]}}],"collection":[{"href":"https:\/\/artecasanueva.com\/en\/wp-json\/wp\/v2\/pages"}],"about":[{"href":"https:\/\/artecasanueva.com\/en\/wp-json\/wp\/v2\/types\/page"}],"author":[{"embeddable":true,"href":"https:\/\/artecasanueva.com\/en\/wp-json\/wp\/v2\/users\/1"}],"replies":[{"embeddable":true,"href":"https:\/\/artecasanueva.com\/en\/wp-json\/wp\/v2\/comments?post=5017"}],"version-history":[{"count":0,"href":"https:\/\/artecasanueva.com\/en\/wp-json\/wp\/v2\/pages\/5017\/revisions"}],"wp:attachment":[{"href":"https:\/\/artecasanueva.com\/en\/wp-json\/wp\/v2\/media?parent=5017"}],"curies":[{"name":"wp","href":"https:\/\/api.w.org\/{rel}","templated":true}]}}