{"id":4043,"date":"2021-06-27T18:25:29","date_gmt":"2021-06-27T18:25:29","guid":{"rendered":"https:\/\/artecasanueva.com\/?page_id=4043"},"modified":"2021-09-07T16:44:52","modified_gmt":"2021-09-07T16:44:52","slug":"sobre-mi","status":"publish","type":"page","link":"https:\/\/artecasanueva.com\/en\/sobre-mi\/","title":{"rendered":"ABOUT ME"},"content":{"rendered":"<div data-elementor-type=\"wp-page\" data-elementor-id=\"4043\" class=\"elementor elementor-4043\">\n\t\t\t\t\t\t<section class=\"elementor-section elementor-top-section elementor-element elementor-element-274ce469 elementor-hidden-mobile elementor-section-boxed elementor-section-height-default elementor-section-height-default\" data-id=\"274ce469\" data-element_type=\"section\">\r\n\t\t\r\n\t\t\t\t\t\t\t<div class=\"elementor-container elementor-column-gap-default\">\r\n\t\t\t\t\t\t\t\t\t\t\t<div class=\"elementor-column elementor-col-100 elementor-top-column elementor-element elementor-element-1f40325b\" data-id=\"1f40325b\" data-element_type=\"column\">\r\n\t\t\t\t\t<div class=\"elementor-widget-wrap elementor-element-populated\">\r\n\t\t\t\t\t\t\t\t<div class=\"elementor-element elementor-element-69087903 elementor-widget elementor-widget-spacer\" data-id=\"69087903\" data-element_type=\"widget\" data-widget_type=\"spacer.default\">\n\t\t\t\t<div class=\"elementor-widget-container\">\n\t\t\t\t\t\t\t<div class=\"elementor-spacer\">\n\t\t\t<div class=\"elementor-spacer-inner\"><\/div>\n\t\t<\/div>\n\t\t\t\t\t\t<\/div>\n\t\t\t\t<\/div>\n\t\t\t\t\t<\/div>\r\n\t\t\t\t<\/div>\r\n\t\t\t\t\t<\/div>\r\n\t\t\t\t<\/section>\r\n\t\t\t\t<section class=\"elementor-section elementor-top-section elementor-element elementor-element-1e414b52 elementor-section-boxed elementor-section-height-default elementor-section-height-default\" data-id=\"1e414b52\" data-element_type=\"section\">\r\n\t\t\r\n\t\t\t\t\t\t\t<div class=\"elementor-container elementor-column-gap-default\">\r\n\t\t\t\t\t\t\t\t\t\t\t<div class=\"elementor-column elementor-col-100 elementor-top-column elementor-element elementor-element-3e83080a\" data-id=\"3e83080a\" data-element_type=\"column\" data-settings=\"{&quot;animation&quot;:&quot;none&quot;}\">\r\n\t\t\t\t\t<div class=\"elementor-widget-wrap elementor-element-populated\">\r\n\t\t\t\t\t\t\t\t<section class=\"elementor-section elementor-inner-section elementor-element elementor-element-627f580d elementor-section-boxed elementor-section-height-default elementor-section-height-default\" data-id=\"627f580d\" data-element_type=\"section\">\r\n\t\t\r\n\t\t\t\t\t\t\t<div class=\"elementor-container elementor-column-gap-default\">\r\n\t\t\t\t\t\t\t\t\t\t\t<div class=\"elementor-column elementor-col-50 elementor-inner-column elementor-element elementor-element-676687fb\" data-id=\"676687fb\" data-element_type=\"column\">\r\n\t\t\t\t\t<div class=\"elementor-widget-wrap elementor-element-populated\">\r\n\t\t\t\t\t\t\t\t<div class=\"elementor-element elementor-element-6daff983 elementor-invisible elementor-widget elementor-widget-image\" data-id=\"6daff983\" data-element_type=\"widget\" data-settings=\"{&quot;_animation&quot;:&quot;fadeInLeft&quot;}\" data-widget_type=\"image.default\">\n\t\t\t\t<div class=\"elementor-widget-container\">\n\t\t\t\t\t\t\t\t\t\t\t\t\t\t\t<img fetchpriority=\"high\" decoding=\"async\" width=\"876\" height=\"704\" src=\"https:\/\/artecasanueva.com\/wp-content\/uploads\/2021\/07\/Inma-Ruiza-Casanueva.jpg\" class=\"attachment-large size-large wp-image-5298\" alt=\"\" srcset=\"https:\/\/artecasanueva.com\/wp-content\/uploads\/2021\/07\/Inma-Ruiza-Casanueva.jpg 876w, https:\/\/artecasanueva.com\/wp-content\/uploads\/2021\/07\/Inma-Ruiza-Casanueva-768x617.jpg 768w, https:\/\/artecasanueva.com\/wp-content\/uploads\/2021\/07\/Inma-Ruiza-Casanueva-500x402.jpg 500w, https:\/\/artecasanueva.com\/wp-content\/uploads\/2021\/07\/Inma-Ruiza-Casanueva-800x643.jpg 800w, https:\/\/artecasanueva.com\/wp-content\/uploads\/2021\/07\/Inma-Ruiza-Casanueva-640x514.jpg 640w, https:\/\/artecasanueva.com\/wp-content\/uploads\/2021\/07\/Inma-Ruiza-Casanueva-400x321.jpg 400w, https:\/\/artecasanueva.com\/wp-content\/uploads\/2021\/07\/Inma-Ruiza-Casanueva-367x295.jpg 367w, https:\/\/artecasanueva.com\/wp-content\/uploads\/2021\/07\/Inma-Ruiza-Casanueva-600x482.jpg 600w\" sizes=\"(max-width: 876px) 100vw, 876px\" \/>\t\t\t\t\t\t\t\t\t\t\t\t\t\t\t<\/div>\n\t\t\t\t<\/div>\n\t\t\t\t\t<\/div>\r\n\t\t\t\t<\/div>\r\n\t\t\t\t<div class=\"elementor-column elementor-col-50 elementor-inner-column elementor-element elementor-element-1e832f22\" data-id=\"1e832f22\" data-element_type=\"column\" data-settings=\"{&quot;background_background&quot;:&quot;classic&quot;}\">\r\n\t\t\t\t\t<div class=\"elementor-widget-wrap elementor-element-populated\">\r\n\t\t\t\t\t\t\t\t<div class=\"elementor-element elementor-element-3b520217 elementor-widget elementor-widget-heading\" data-id=\"3b520217\" data-element_type=\"widget\" data-widget_type=\"heading.default\">\n\t\t\t\t<div class=\"elementor-widget-container\">\n\t\t\t\t\t<h2 class=\"elementor-heading-title elementor-size-default\">ABOUT ME <\/h2>\t\t\t\t<\/div>\n\t\t\t\t<\/div>\n\t\t\t\t<div class=\"elementor-element elementor-element-302b6d57 elementor-widget elementor-widget-text-editor\" data-id=\"302b6d57\" data-element_type=\"widget\" data-widget_type=\"text-editor.default\">\n\t\t\t\t<div class=\"elementor-widget-container\">\n\t\t\t\t\t\t\t\t\t<p class=\"translation-block\"><strong><span style=\"font-family: 'Century Gothic'\"><span style=\"font-size: 15.0pt\">a <\/span>r t e <span style=\"font-size: 15.0pt\">c <\/span>a s a n u e v a <\/span><\/strong> is an artistic ceramics workshop, a personal project that was born in 2010 from my admiration for this ancient art. I grew up and lived in <strong>Seville<\/strong> surrounded by ancient and modern tiles, from all eras, that adorn streets, parks, churches, palaces and private houses, a city that centuries ago raised ceramics to the category of Art.<\/p><p class=\"translation-block\"><strong>ARTISTIC CERAMICS NEVER BECOME OUTDATED<\/strong> because tiles  create such a warm, happy environment and provide a unique and highly personalized space.<\/p><p class=\"translation-block\">The <strong>PAINTING ON CERAMIC<\/strong> is my way of expressing myself artistically and it is a work that I am passionate about because of its endless creative possibilities. Each piece of ceramic that leaves my workshop is fully treated and decorated by hand <i>to offer a unique piece of art for you.<\/i><\/p><p class=\"translation-block\">In <strong><span style=\"font-family: 'Century Gothic'\"><span style=\"font-size: 15.0pt\">a <\/span>r t e <span style=\"font-size: 15.0pt\">c <\/span>a s a n u e v a <\/span><\/strong> my goal is to give these materials their deserved relevance in current design and architecture. With this in mind, I update these traditional artisan techniques with a contemporary and innovating vision<\/p>\t\t\t\t\t\t\t\t<\/div>\n\t\t\t\t<\/div>\n\t\t\t\t<div class=\"elementor-element elementor-element-cd62dae elementor-widget elementor-widget-text-editor\" data-id=\"cd62dae\" data-element_type=\"widget\" data-widget_type=\"text-editor.default\">\n\t\t\t\t<div class=\"elementor-widget-container\">\n\t\t\t\t\t\t\t\t\t<p>Inma Ruiz Casanueva<\/p>\t\t\t\t\t\t\t\t<\/div>\n\t\t\t\t<\/div>\n\t\t\t\t\t<\/div>\r\n\t\t\t\t<\/div>\r\n\t\t\t\t\t<\/div>\r\n\t\t\t\t<\/section>\r\n\t\t\t\t\t<\/div>\r\n\t\t\t\t<\/div>\r\n\t\t\t\t\t<\/div>\r\n\t\t\t\t<\/section>\r\n\t\t\t\t<section class=\"elementor-section elementor-top-section elementor-element elementor-element-5160b927 elementor-hidden-tablet elementor-hidden-mobile elementor-section-boxed elementor-section-height-default elementor-section-height-default\" data-id=\"5160b927\" data-element_type=\"section\" data-settings=\"{&quot;background_background&quot;:&quot;classic&quot;}\">\r\n\t\t\r\n\t\t\t\t\t\t\t<div class=\"elementor-container elementor-column-gap-default\">\r\n\t\t\t\t\t\t\t\t\t\t\t<div class=\"elementor-column elementor-col-100 elementor-top-column elementor-element elementor-element-2b7faacf\" data-id=\"2b7faacf\" data-element_type=\"column\">\r\n\t\t\t\t\t<div class=\"elementor-widget-wrap elementor-element-populated\">\r\n\t\t\t\t\t\t\t\t<div class=\"elementor-element elementor-element-7f5bf204 elementor-widget elementor-widget-spacer\" data-id=\"7f5bf204\" data-element_type=\"widget\" data-widget_type=\"spacer.default\">\n\t\t\t\t<div class=\"elementor-widget-container\">\n\t\t\t\t\t\t\t<div class=\"elementor-spacer\">\n\t\t\t<div class=\"elementor-spacer-inner\"><\/div>\n\t\t<\/div>\n\t\t\t\t\t\t<\/div>\n\t\t\t\t<\/div>\n\t\t\t\t\t<\/div>\r\n\t\t\t\t<\/div>\r\n\t\t\t\t\t<\/div>\r\n\t\t\t\t<\/section>\r\n\t\t\t\t<\/div>","protected":false},"excerpt":{"rendered":"<p>SOBRE MI a r t e c a s a n u e v a es un taller de cer\u00e1mica art\u00edstica, un proyecto personal que nace en 2010 de mi admiraci\u00f3n por este arte milenario. Crec\u00ed y he vivido en Sevilla rodeada de azulejos antiguos y modernos, de todas las \u00e9pocas, que adornan calles, parques, [&hellip;]<\/p>","protected":false},"author":1,"featured_media":0,"parent":0,"menu_order":0,"comment_status":"closed","ping_status":"closed","template":"","meta":{"_vp_format_video_url":"","_vp_image_focal_point":[],"footnotes":""},"class_list":["post-4043","page","type-page","status-publish","hentry"],"_links":{"self":[{"href":"https:\/\/artecasanueva.com\/en\/wp-json\/wp\/v2\/pages\/4043","targetHints":{"allow":["GET"]}}],"collection":[{"href":"https:\/\/artecasanueva.com\/en\/wp-json\/wp\/v2\/pages"}],"about":[{"href":"https:\/\/artecasanueva.com\/en\/wp-json\/wp\/v2\/types\/page"}],"author":[{"embeddable":true,"href":"https:\/\/artecasanueva.com\/en\/wp-json\/wp\/v2\/users\/1"}],"replies":[{"embeddable":true,"href":"https:\/\/artecasanueva.com\/en\/wp-json\/wp\/v2\/comments?post=4043"}],"version-history":[{"count":0,"href":"https:\/\/artecasanueva.com\/en\/wp-json\/wp\/v2\/pages\/4043\/revisions"}],"wp:attachment":[{"href":"https:\/\/artecasanueva.com\/en\/wp-json\/wp\/v2\/media?parent=4043"}],"curies":[{"name":"wp","href":"https:\/\/api.w.org\/{rel}","templated":true}]}}