{"id":1454,"date":"2016-06-14T06:15:58","date_gmt":"2016-06-14T06:15:58","guid":{"rendered":"http:\/\/sw-themes.com\/porto_dummy\/?page_id=1454"},"modified":"2024-03-08T18:53:22","modified_gmt":"2024-03-08T18:53:22","slug":"contact-us","status":"publish","type":"page","link":"https:\/\/artecasanueva.com\/en\/contact-us\/","title":{"rendered":"CONTACT"},"content":{"rendered":"<div data-elementor-type=\"wp-page\" data-elementor-id=\"1454\" class=\"elementor elementor-1454\">\n\t\t\t\t\t\t<section class=\"elementor-section elementor-top-section elementor-element elementor-element-478cce3 m-t-sm m-b-xl elementor-section-boxed elementor-section-height-default elementor-section-height-default\" data-id=\"478cce3\" data-element_type=\"section\">\r\n\t\t\r\n\t\t\t\t\t\t\t<div class=\"elementor-container elementor-column-gap-default\">\r\n\t\t\t\t\t\t\t\t\t\t\t<div class=\"elementor-column elementor-col-50 elementor-top-column elementor-element elementor-element-27f79ee\" data-id=\"27f79ee\" data-element_type=\"column\">\r\n\t\t\t\t\t<div class=\"elementor-widget-wrap elementor-element-populated\">\r\n\t\t\t\t\t\t\t\t<div class=\"elementor-element elementor-element-09f0ed4 elementor-hidden-mobile elementor-widget elementor-widget-spacer\" data-id=\"09f0ed4\" data-element_type=\"widget\" data-widget_type=\"spacer.default\">\n\t\t\t\t<div class=\"elementor-widget-container\">\n\t\t\t\t\t\t\t<div class=\"elementor-spacer\">\n\t\t\t<div class=\"elementor-spacer-inner\"><\/div>\n\t\t<\/div>\n\t\t\t\t\t\t<\/div>\n\t\t\t\t<\/div>\n\t\t\t\t<div class=\"elementor-element elementor-element-f2cf1d4 elementor-widget elementor-widget-text-editor\" data-id=\"f2cf1d4\" data-element_type=\"widget\" data-widget_type=\"text-editor.default\">\n\t\t\t\t<div class=\"elementor-widget-container\">\n\t\t\t\t\t\t\t\t\t<p>DATOS DE CONTACTO DE <br><strong><span style=\"font-family: 'Century Gothic';\"><span style=\"font-size: 28.0pt;\">a <\/span>r t e <span style=\"font-size: 28.0pt;\">c <\/span>a s a n u e v a<\/span><\/strong><\/p>\t\t\t\t\t\t\t\t<\/div>\n\t\t\t\t<\/div>\n\t\t\t\t<div class=\"elementor-element elementor-element-8aca6f7 elementor-widget elementor-widget-image\" data-id=\"8aca6f7\" data-element_type=\"widget\" data-widget_type=\"image.default\">\n\t\t\t\t<div class=\"elementor-widget-container\">\n\t\t\t\t\t\t\t\t\t\t\t\t\t\t\t<img fetchpriority=\"high\" decoding=\"async\" width=\"876\" height=\"704\" src=\"https:\/\/artecasanueva.com\/wp-content\/uploads\/2021\/07\/Inma-Ruiza-Casanueva.jpg\" class=\"attachment-large size-large wp-image-5298\" alt=\"\" srcset=\"https:\/\/artecasanueva.com\/wp-content\/uploads\/2021\/07\/Inma-Ruiza-Casanueva.jpg 876w, https:\/\/artecasanueva.com\/wp-content\/uploads\/2021\/07\/Inma-Ruiza-Casanueva-768x617.jpg 768w, https:\/\/artecasanueva.com\/wp-content\/uploads\/2021\/07\/Inma-Ruiza-Casanueva-500x402.jpg 500w, https:\/\/artecasanueva.com\/wp-content\/uploads\/2021\/07\/Inma-Ruiza-Casanueva-800x643.jpg 800w, https:\/\/artecasanueva.com\/wp-content\/uploads\/2021\/07\/Inma-Ruiza-Casanueva-640x514.jpg 640w, https:\/\/artecasanueva.com\/wp-content\/uploads\/2021\/07\/Inma-Ruiza-Casanueva-400x321.jpg 400w, https:\/\/artecasanueva.com\/wp-content\/uploads\/2021\/07\/Inma-Ruiza-Casanueva-367x295.jpg 367w, https:\/\/artecasanueva.com\/wp-content\/uploads\/2021\/07\/Inma-Ruiza-Casanueva-600x482.jpg 600w\" sizes=\"(max-width: 876px) 100vw, 876px\" \/>\t\t\t\t\t\t\t\t\t\t\t\t\t\t\t<\/div>\n\t\t\t\t<\/div>\n\t\t\t\t\t<\/div>\r\n\t\t\t\t<\/div>\r\n\t\t\t\t<div class=\"elementor-column elementor-col-50 elementor-top-column elementor-element elementor-element-d150d80\" data-id=\"d150d80\" data-element_type=\"column\" data-settings=\"{&quot;background_background&quot;:&quot;classic&quot;}\">\r\n\t\t\t\t\t<div class=\"elementor-widget-wrap elementor-element-populated\">\r\n\t\t\t\t\t\t\t\t<div class=\"elementor-element elementor-element-7f05ce5 elementor-widget elementor-widget-image\" data-id=\"7f05ce5\" data-element_type=\"widget\" data-widget_type=\"image.default\">\n\t\t\t\t<div class=\"elementor-widget-container\">\n\t\t\t\t\t\t\t\t\t\t\t\t\t\t\t<img decoding=\"async\" width=\"212\" height=\"291\" src=\"https:\/\/artecasanueva.com\/wp-content\/uploads\/2021\/07\/logo-dibujo-transp-azul-y-naran-e89-y-5a81.png\" class=\"attachment-large size-large wp-image-5646\" alt=\"\" \/>\t\t\t\t\t\t\t\t\t\t\t\t\t\t\t<\/div>\n\t\t\t\t<\/div>\n\t\t\t\t<div class=\"elementor-element elementor-element-5993991e elementor-widget elementor-widget-heading\" data-id=\"5993991e\" data-element_type=\"widget\" data-widget_type=\"heading.default\">\n\t\t\t\t<div class=\"elementor-widget-container\">\n\t\t\t\t\t<h2 class=\"elementor-heading-title elementor-size-default\">CONTACT ME<\/h2>\t\t\t\t<\/div>\n\t\t\t\t<\/div>\n\t\t\t\t<div class=\"elementor-element elementor-element-59db91e elementor-widget elementor-widget-porto_info_box\" data-id=\"59db91e\" data-element_type=\"widget\" data-widget_type=\"porto_info_box.default\">\n\t\t\t\t<div class=\"elementor-widget-container\">\n\t\t\t\t\t<div class=\"porto-sicon-box style_1 default-icon\"><div class=\"porto-sicon-default\"><div class=\"porto-just-icon-wrapper porto-icon circle\" style=\"margin-right:17px;\"><i class=\"fas fa-map-marker-alt\"><\/i><\/div><\/div><div class=\"porto-sicon-header\"><h3 class=\"porto-sicon-title\" style=\"\"><b>Localisation<\/b> Marbella, Mijas Costa - M\u00e1laga<\/h3><\/div> <!-- header --><\/div><!-- porto-sicon-box -->\t\t\t\t<\/div>\n\t\t\t\t<\/div>\n\t\t\t\t<div class=\"elementor-element elementor-element-8cdace2 elementor-widget elementor-widget-porto_info_box\" data-id=\"8cdace2\" data-element_type=\"widget\" data-widget_type=\"porto_info_box.default\">\n\t\t\t\t<div class=\"elementor-widget-container\">\n\t\t\t\t\t<div class=\"porto-sicon-box style_1 default-icon\"><div class=\"porto-sicon-default\"><div class=\"porto-just-icon-wrapper porto-icon circle\" style=\"\"><i class=\"fas fa-phone\"><\/i><\/div><\/div><div class=\"porto-sicon-header\"><h3 class=\"porto-sicon-title\" style=\"\"><b>Telephone<\/b> +34 607 90 21 92<\/h3><\/div> <!-- header --><\/div><!-- porto-sicon-box -->\t\t\t\t<\/div>\n\t\t\t\t<\/div>\n\t\t\t\t<div class=\"elementor-element elementor-element-3d62f3d elementor-widget elementor-widget-porto_info_box\" data-id=\"3d62f3d\" data-element_type=\"widget\" data-widget_type=\"porto_info_box.default\">\n\t\t\t\t<div class=\"elementor-widget-container\">\n\t\t\t\t\t<div class=\"porto-sicon-box style_1 default-icon\"><div class=\"porto-sicon-default\"><div class=\"porto-just-icon-wrapper porto-icon circle\" style=\"\"><i class=\"fas fa-envelope\"><\/i><\/div><\/div><div class=\"porto-sicon-header\"><h3 class=\"porto-sicon-title\" style=\"\"><b>Email:  <\/b>artecasanueva@gmail.com<\/h3><\/div> <!-- header --><\/div><!-- porto-sicon-box -->\t\t\t\t<\/div>\n\t\t\t\t<\/div>\n\t\t\t\t<div class=\"elementor-element elementor-element-6baa931 mb-1 elementor-widget-divider--view-line elementor-widget elementor-widget-divider\" data-id=\"6baa931\" data-element_type=\"widget\" data-widget_type=\"divider.default\">\n\t\t\t\t<div class=\"elementor-widget-container\">\n\t\t\t\t\t\t\t<div class=\"elementor-divider\">\n\t\t\t<span class=\"elementor-divider-separator\">\n\t\t\t\t\t\t<\/span>\n\t\t<\/div>\n\t\t\t\t\t\t<\/div>\n\t\t\t\t<\/div>\n\t\t\t\t<section class=\"elementor-section elementor-inner-section elementor-element elementor-element-afba19c elementor-section-boxed elementor-section-height-default elementor-section-height-default\" data-id=\"afba19c\" data-element_type=\"section\">\r\n\t\t\r\n\t\t\t\t\t\t\t<div class=\"elementor-container elementor-column-gap-default\">\r\n\t\t\t\t\t\t\t\t\t\t\t<div class=\"elementor-column elementor-col-14 elementor-inner-column elementor-element elementor-element-b26455d\" data-id=\"b26455d\" data-element_type=\"column\">\r\n\t\t\t\t\t<div class=\"elementor-widget-wrap elementor-element-populated\">\r\n\t\t\t\t\t\t\t\t<div class=\"elementor-element elementor-element-50d7fa4 elementor-widget elementor-widget-text-editor\" data-id=\"50d7fa4\" data-element_type=\"widget\" data-widget_type=\"text-editor.default\">\n\t\t\t\t<div class=\"elementor-widget-container\">\n\t\t\t\t\t\t\t\t\t<p>Languages<\/p>\t\t\t\t\t\t\t\t<\/div>\n\t\t\t\t<\/div>\n\t\t\t\t\t<\/div>\r\n\t\t\t\t<\/div>\r\n\t\t\t\t<div class=\"elementor-column elementor-col-14 elementor-inner-column elementor-element elementor-element-b923321\" data-id=\"b923321\" data-element_type=\"column\">\r\n\t\t\t\t\t<div class=\"elementor-widget-wrap elementor-element-populated\">\r\n\t\t\t\t\t\t\t\t<div class=\"elementor-element elementor-element-bfe5db3 elementor-widget elementor-widget-image\" data-id=\"bfe5db3\" data-element_type=\"widget\" data-widget_type=\"image.default\">\n\t\t\t\t<div class=\"elementor-widget-container\">\n\t\t\t\t\t\t\t\t\t\t\t\t\t\t\t<img decoding=\"async\" width=\"413\" height=\"275\" src=\"https:\/\/artecasanueva.com\/wp-content\/uploads\/2021\/10\/60-espana-sin-escudo_400px.jpg\" class=\"attachment-large size-large wp-image-6556\" alt=\"\" srcset=\"https:\/\/artecasanueva.com\/wp-content\/uploads\/2021\/10\/60-espana-sin-escudo_400px.jpg 413w, https:\/\/artecasanueva.com\/wp-content\/uploads\/2021\/10\/60-espana-sin-escudo_400px-400x266.jpg 400w, https:\/\/artecasanueva.com\/wp-content\/uploads\/2021\/10\/60-espana-sin-escudo_400px-367x244.jpg 367w\" sizes=\"(max-width: 413px) 100vw, 413px\" \/>\t\t\t\t\t\t\t\t\t\t\t\t\t\t\t<\/div>\n\t\t\t\t<\/div>\n\t\t\t\t\t<\/div>\r\n\t\t\t\t<\/div>\r\n\t\t\t\t<div class=\"elementor-column elementor-col-14 elementor-inner-column elementor-element elementor-element-b7057db\" data-id=\"b7057db\" data-element_type=\"column\">\r\n\t\t\t\t\t<div class=\"elementor-widget-wrap elementor-element-populated\">\r\n\t\t\t\t\t\t\t\t<div class=\"elementor-element elementor-element-f315bec elementor-widget elementor-widget-image\" data-id=\"f315bec\" data-element_type=\"widget\" data-widget_type=\"image.default\">\n\t\t\t\t<div class=\"elementor-widget-container\">\n\t\t\t\t\t\t\t\t\t\t\t\t\t\t\t<img loading=\"lazy\" decoding=\"async\" width=\"1024\" height=\"614\" src=\"https:\/\/artecasanueva.com\/wp-content\/uploads\/2021\/10\/Flag_of_the_United_Kingdom_3-5.svg_-1024x614.webp\" class=\"attachment-large size-large wp-image-6557\" alt=\"\" srcset=\"https:\/\/artecasanueva.com\/wp-content\/uploads\/2021\/10\/Flag_of_the_United_Kingdom_3-5.svg_-1024x614.webp 1024w, https:\/\/artecasanueva.com\/wp-content\/uploads\/2021\/10\/Flag_of_the_United_Kingdom_3-5.svg_-768x461.webp 768w, https:\/\/artecasanueva.com\/wp-content\/uploads\/2021\/10\/Flag_of_the_United_Kingdom_3-5.svg_-500x300.webp 500w, https:\/\/artecasanueva.com\/wp-content\/uploads\/2021\/10\/Flag_of_the_United_Kingdom_3-5.svg_-800x480.webp 800w, https:\/\/artecasanueva.com\/wp-content\/uploads\/2021\/10\/Flag_of_the_United_Kingdom_3-5.svg_-640x384.webp 640w, https:\/\/artecasanueva.com\/wp-content\/uploads\/2021\/10\/Flag_of_the_United_Kingdom_3-5.svg_-400x240.webp 400w, https:\/\/artecasanueva.com\/wp-content\/uploads\/2021\/10\/Flag_of_the_United_Kingdom_3-5.svg_-367x220.webp 367w, https:\/\/artecasanueva.com\/wp-content\/uploads\/2021\/10\/Flag_of_the_United_Kingdom_3-5.svg_-600x360.webp 600w\" sizes=\"(max-width: 1024px) 100vw, 1024px\" \/>\t\t\t\t\t\t\t\t\t\t\t\t\t\t\t<\/div>\n\t\t\t\t<\/div>\n\t\t\t\t\t<\/div>\r\n\t\t\t\t<\/div>\r\n\t\t\t\t<div class=\"elementor-column elementor-col-14 elementor-inner-column elementor-element elementor-element-37b7569\" data-id=\"37b7569\" data-element_type=\"column\">\r\n\t\t\t\t\t<div class=\"elementor-widget-wrap elementor-element-populated\">\r\n\t\t\t\t\t\t\t\t<div class=\"elementor-element elementor-element-c3ee250 elementor-widget elementor-widget-image\" data-id=\"c3ee250\" data-element_type=\"widget\" data-widget_type=\"image.default\">\n\t\t\t\t<div class=\"elementor-widget-container\">\n\t\t\t\t\t\t\t\t\t\t\t\t\t\t\t<img loading=\"lazy\" decoding=\"async\" width=\"270\" height=\"180\" src=\"https:\/\/artecasanueva.com\/wp-content\/uploads\/2021\/10\/Flag_of_France.svg_.png\" class=\"attachment-large size-large wp-image-6558\" alt=\"\" \/>\t\t\t\t\t\t\t\t\t\t\t\t\t\t\t<\/div>\n\t\t\t\t<\/div>\n\t\t\t\t\t<\/div>\r\n\t\t\t\t<\/div>\r\n\t\t\t\t<div class=\"elementor-column elementor-col-14 elementor-inner-column elementor-element elementor-element-bf2a2a1\" data-id=\"bf2a2a1\" data-element_type=\"column\">\r\n\t\t\t\t\t<div class=\"elementor-widget-wrap\">\r\n\t\t\t\t\t\t\t\t\t<\/div>\r\n\t\t\t\t<\/div>\r\n\t\t\t\t<div class=\"elementor-column elementor-col-14 elementor-inner-column elementor-element elementor-element-d837c6b\" data-id=\"d837c6b\" data-element_type=\"column\">\r\n\t\t\t\t\t<div class=\"elementor-widget-wrap\">\r\n\t\t\t\t\t\t\t\t\t<\/div>\r\n\t\t\t\t<\/div>\r\n\t\t\t\t<div class=\"elementor-column elementor-col-14 elementor-inner-column elementor-element elementor-element-6192c2b\" data-id=\"6192c2b\" data-element_type=\"column\">\r\n\t\t\t\t\t<div class=\"elementor-widget-wrap\">\r\n\t\t\t\t\t\t\t\t\t<\/div>\r\n\t\t\t\t<\/div>\r\n\t\t\t\t\t<\/div>\r\n\t\t\t\t<\/section>\r\n\t\t\t\t\t<\/div>\r\n\t\t\t\t<\/div>\r\n\t\t\t\t\t<\/div>\r\n\t\t\t\t<\/section>\r\n\t\t\t\t<\/div>","protected":false},"excerpt":{"rendered":"<p>DATOS DE CONTACTO DE a r t e c a s a n u e v a CONT\u00c1CTEME Localizaci\u00f3n: Marbella, Mijas Costa &#8211; M\u00e1laga Tel\u00e9fono: +34 607 90 21 92 Email: artecasanueva@gmail.com Idiomas:<\/p>","protected":false},"author":1,"featured_media":0,"parent":0,"menu_order":0,"comment_status":"closed","ping_status":"closed","template":"","meta":{"_vp_format_video_url":"","_vp_image_focal_point":[],"footnotes":""},"class_list":["post-1454","page","type-page","status-publish","hentry"],"_links":{"self":[{"href":"https:\/\/artecasanueva.com\/en\/wp-json\/wp\/v2\/pages\/1454","targetHints":{"allow":["GET"]}}],"collection":[{"href":"https:\/\/artecasanueva.com\/en\/wp-json\/wp\/v2\/pages"}],"about":[{"href":"https:\/\/artecasanueva.com\/en\/wp-json\/wp\/v2\/types\/page"}],"author":[{"embeddable":true,"href":"https:\/\/artecasanueva.com\/en\/wp-json\/wp\/v2\/users\/1"}],"replies":[{"embeddable":true,"href":"https:\/\/artecasanueva.com\/en\/wp-json\/wp\/v2\/comments?post=1454"}],"version-history":[{"count":0,"href":"https:\/\/artecasanueva.com\/en\/wp-json\/wp\/v2\/pages\/1454\/revisions"}],"wp:attachment":[{"href":"https:\/\/artecasanueva.com\/en\/wp-json\/wp\/v2\/media?parent=1454"}],"curies":[{"name":"wp","href":"https:\/\/api.w.org\/{rel}","templated":true}]}}